{"id":260,"date":"2015-11-13T11:18:26","date_gmt":"2015-11-13T09:18:26","guid":{"rendered":"https:\/\/technobox.ee\/it\/?page_id=260"},"modified":"2015-11-13T11:30:21","modified_gmt":"2015-11-13T09:30:21","slug":"azienda","status":"publish","type":"page","link":"http:\/\/technobox.ee\/it\/azienda\/","title":{"rendered":"Azienda"},"content":{"rendered":"<p>Benvenuto sul nostro sito web.<\/p>\n<p>TechnoBox ti offre soluzioni per imballaggi che espandono il significato di sicurezza e affidabilit\u00e0 nel trasporto di materiali. Una lunga esperienza nella produzione unita alla lavorazione del legno, macchinari tecnologici avanzati e la continua voglia di espandersi rende possibile offrire un servizio flessibile e efficace ai nostri clienti.<\/p>\n<p>Cerchiamo continuamente nuove possibilit\u00e0 per rinnovare le nostre fabbriche cos\u00ec da migliorare la qualit\u00e0 dei nostri prodotti, diminuire lo spreco di materiali e presevare il nostro ambiente.<\/p>\n<p>TechnoBox \u00e8 il nome del marchio che appartiene a Technomar &#038; Adrem LTD, una societ\u00e0 privata a conduzione famigliare fondata nel 1991. La rapida crescita del nostro business si riflette sull\u2019importante aumento di circa 250% nelle vendite negli ultimi 5 anni. Nel 2009, le vendite hanno raggiunto 55,000,000 euro. Circa 550 persone lavorano presso Technomar e questo ci rende una delle aziende con pi\u00f9 impiegati in Estonia.<\/p>\n<p>TechnoBox \u00e8 prodotto da operai che pongono grande attenzione in quello che fanno e sono molto orgogliosi del loro lavoro.<\/p>\n","protected":false},"excerpt":{"rendered":"<p>Benvenuto sul nostro sito web. TechnoBox ti offre soluzioni per imballaggi che espandono il significato di sicurezza e affidabilit\u00e0 nel trasporto di materiali. Una lunga esperienza nella produzione unita alla lavorazione del legno, macchinari tecnologici avanzati e la continua voglia di espandersi rende possibile offrire un servizio flessibile e efficace ai nostri clienti. Cerchiamo continuamente [&hellip;]<\/p>\n","protected":false},"author":1,"featured_media":163,"parent":0,"menu_order":0,"comment_status":"closed","ping_status":"closed","template":"","meta":[],"_links":{"self":[{"href":"http:\/\/technobox.ee\/it\/wp-json\/wp\/v2\/pages\/260"}],"collection":[{"href":"http:\/\/technobox.ee\/it\/wp-json\/wp\/v2\/pages"}],"about":[{"href":"http:\/\/technobox.ee\/it\/wp-json\/wp\/v2\/types\/page"}],"author":[{"embeddable":true,"href":"http:\/\/technobox.ee\/it\/wp-json\/wp\/v2\/users\/1"}],"replies":[{"embeddable":true,"href":"http:\/\/technobox.ee\/it\/wp-json\/wp\/v2\/comments?post=260"}],"version-history":[{"count":1,"href":"http:\/\/technobox.ee\/it\/wp-json\/wp\/v2\/pages\/260\/revisions"}],"predecessor-version":[{"id":261,"href":"http:\/\/technobox.ee\/it\/wp-json\/wp\/v2\/pages\/260\/revisions\/261"}],"wp:featuredmedia":[{"embeddable":true,"href":"http:\/\/technobox.ee\/it\/wp-json\/wp\/v2\/media\/163"}],"wp:attachment":[{"href":"http:\/\/technobox.ee\/it\/wp-json\/wp\/v2\/media?parent=260"}],"curies":[{"name":"wp","href":"https:\/\/api.w.org\/{rel}","templated":true}]}}